{"id":42,"date":"2025-02-07T12:52:12","date_gmt":"2025-02-07T12:52:12","guid":{"rendered":"https:\/\/oakleysunglasses-wholesale.net\/?page_id=42"},"modified":"2025-02-07T12:52:14","modified_gmt":"2025-02-07T12:52:14","slug":"nos-experts","status":"publish","type":"page","link":"https:\/\/oakleysunglasses-wholesale.net\/ro\/nos-experts\/","title":{"rendered":"Exper\u021bii no\u0219tri"},"content":{"rendered":"","protected":false},"excerpt":{"rendered":"<p> <a href=\"https:\/\/oakleysunglasses-wholesale.net\/ro\/nos-experts\/\" class=\"more-link\">Continu\u0103 s\u0103 cite\u0219ti <span class=\"screen-reader-text\">Exper\u021bii no\u0219tri<\/span><\/a><\/p>","protected":false},"author":1,"featured_media":0,"parent":0,"menu_order":0,"comment_status":"closed","ping_status":"closed","template":"","meta":{"_acf_changed":false,"footnotes":""},"class_list":["post-42","page","type-page","status-publish","hentry"],"acf":[],"yoast_head":"<!-- This site is optimized with the Yoast SEO plugin v23.2 - https:\/\/yoast.com\/wordpress\/plugins\/seo\/ -->\n<title>Nos experts - oakleysunglasses-wholesale.net<\/title>\n<meta name=\"description\" content=\"D\u00e9couvrez les esprits cr\u00e9atifs derri\u00e8re notre blog mode! Plongez dans l\u2019univers de nos auteurs passionn\u00e9s, experts en tendances, stylistes.\" \/>\n<meta name=\"robots\" content=\"index, follow, max-snippet:-1, max-image-preview:large, max-video-preview:-1\" \/>\n<link rel=\"canonical\" href=\"https:\/\/oakleysunglasses-wholesale.net\/ro\/nos-experts\/\" \/>\n<meta property=\"og:locale\" content=\"ro_RO\" \/>\n<meta property=\"og:type\" content=\"article\" \/>\n<meta property=\"og:title\" content=\"Nos experts - oakleysunglasses-wholesale.net\" \/>\n<meta property=\"og:description\" content=\"D\u00e9couvrez les esprits cr\u00e9atifs derri\u00e8re notre blog mode! Plongez dans l\u2019univers de nos auteurs passionn\u00e9s, experts en tendances, stylistes.\" \/>\n<meta property=\"og:url\" content=\"https:\/\/oakleysunglasses-wholesale.net\/ro\/nos-experts\/\" \/>\n<meta property=\"og:site_name\" content=\"oakleysunglasses-wholesale.net\" \/>\n<meta property=\"article:modified_time\" content=\"2025-02-07T12:52:14+00:00\" \/>\n<meta name=\"twitter:card\" content=\"summary_large_image\" \/>\n<meta name=\"twitter:label1\" content=\"Timp estimat pentru citire\" \/>\n\t<meta name=\"twitter:data1\" content=\"1 minut\" \/>\n<script type=\"application\/ld+json\" class=\"yoast-schema-graph\">{\"@context\":\"https:\/\/schema.org\",\"@graph\":[{\"@type\":\"WebPage\",\"@id\":\"https:\/\/oakleysunglasses-wholesale.net\/nos-experts\/\",\"url\":\"https:\/\/oakleysunglasses-wholesale.net\/nos-experts\/\",\"name\":\"Nos experts - oakleysunglasses-wholesale.net\",\"isPartOf\":{\"@id\":\"https:\/\/oakleysunglasses-wholesale.net\/#website\"},\"datePublished\":\"2025-02-07T12:52:12+00:00\",\"dateModified\":\"2025-02-07T12:52:14+00:00\",\"description\":\"D\u00e9couvrez les esprits cr\u00e9atifs derri\u00e8re notre blog mode! Plongez dans l\u2019univers de nos auteurs passionn\u00e9s, experts en tendances, stylistes.\",\"breadcrumb\":{\"@id\":\"https:\/\/oakleysunglasses-wholesale.net\/nos-experts\/#breadcrumb\"},\"inLanguage\":\"ro-RO\",\"potentialAction\":[{\"@type\":\"ReadAction\",\"target\":[\"https:\/\/oakleysunglasses-wholesale.net\/nos-experts\/\"]}]},{\"@type\":\"BreadcrumbList\",\"@id\":\"https:\/\/oakleysunglasses-wholesale.net\/nos-experts\/#breadcrumb\",\"itemListElement\":[{\"@type\":\"ListItem\",\"position\":1,\"name\":\"Home\",\"item\":\"https:\/\/oakleysunglasses-wholesale.net\/\"},{\"@type\":\"ListItem\",\"position\":2,\"name\":\"Nos experts\"}]},{\"@type\":\"WebSite\",\"@id\":\"https:\/\/oakleysunglasses-wholesale.net\/#website\",\"url\":\"https:\/\/oakleysunglasses-wholesale.net\/\",\"name\":\"oakleysunglasses-wholesale.net\",\"description\":\"L\u2019Univers de la Mode | Conseils et inspirations pour un dressing tendance\",\"potentialAction\":[{\"@type\":\"SearchAction\",\"target\":{\"@type\":\"EntryPoint\",\"urlTemplate\":\"https:\/\/oakleysunglasses-wholesale.net\/?s={search_term_string}\"},\"query-input\":\"required name=search_term_string\"}],\"inLanguage\":\"ro-RO\"}]}<\/script>\n<!-- \/ Yoast SEO plugin. -->","yoast_head_json":{"title":"Nos experts - oakleysunglasses-wholesale.net","description":"D\u00e9couvrez les esprits cr\u00e9atifs derri\u00e8re notre blog mode! Plongez dans l\u2019univers de nos auteurs passionn\u00e9s, experts en tendances, stylistes.","robots":{"index":"index","follow":"follow","max-snippet":"max-snippet:-1","max-image-preview":"max-image-preview:large","max-video-preview":"max-video-preview:-1"},"canonical":"https:\/\/oakleysunglasses-wholesale.net\/ro\/nos-experts\/","og_locale":"ro_RO","og_type":"article","og_title":"Nos experts - oakleysunglasses-wholesale.net","og_description":"D\u00e9couvrez les esprits cr\u00e9atifs derri\u00e8re notre blog mode! Plongez dans l\u2019univers de nos auteurs passionn\u00e9s, experts en tendances, stylistes.","og_url":"https:\/\/oakleysunglasses-wholesale.net\/ro\/nos-experts\/","og_site_name":"oakleysunglasses-wholesale.net","article_modified_time":"2025-02-07T12:52:14+00:00","twitter_card":"summary_large_image","twitter_misc":{"Timp estimat pentru citire":"1 minut"},"schema":{"@context":"https:\/\/schema.org","@graph":[{"@type":"WebPage","@id":"https:\/\/oakleysunglasses-wholesale.net\/nos-experts\/","url":"https:\/\/oakleysunglasses-wholesale.net\/nos-experts\/","name":"Nos experts - oakleysunglasses-wholesale.net","isPartOf":{"@id":"https:\/\/oakleysunglasses-wholesale.net\/#website"},"datePublished":"2025-02-07T12:52:12+00:00","dateModified":"2025-02-07T12:52:14+00:00","description":"D\u00e9couvrez les esprits cr\u00e9atifs derri\u00e8re notre blog mode! Plongez dans l\u2019univers de nos auteurs passionn\u00e9s, experts en tendances, stylistes.","breadcrumb":{"@id":"https:\/\/oakleysunglasses-wholesale.net\/nos-experts\/#breadcrumb"},"inLanguage":"ro-RO","potentialAction":[{"@type":"ReadAction","target":["https:\/\/oakleysunglasses-wholesale.net\/nos-experts\/"]}]},{"@type":"BreadcrumbList","@id":"https:\/\/oakleysunglasses-wholesale.net\/nos-experts\/#breadcrumb","itemListElement":[{"@type":"ListItem","position":1,"name":"Home","item":"https:\/\/oakleysunglasses-wholesale.net\/"},{"@type":"ListItem","position":2,"name":"Nos experts"}]},{"@type":"WebSite","@id":"https:\/\/oakleysunglasses-wholesale.net\/#website","url":"https:\/\/oakleysunglasses-wholesale.net\/","name":"oakleysunglasses-wholesale.net","description":"L\u2019Univers de la Mode | Conseils et inspirations pour un dressing tendance","potentialAction":[{"@type":"SearchAction","target":{"@type":"EntryPoint","urlTemplate":"https:\/\/oakleysunglasses-wholesale.net\/?s={search_term_string}"},"query-input":"required name=search_term_string"}],"inLanguage":"ro-RO"}]}},"yoast_meta":{"yoast_wpseo_title":"","yoast_wpseo_metadesc":"","yoast_wpseo_canonical":"https:\/\/oakleysunglasses-wholesale.net\/ro\/wp-json\/wp\/v2\/pages\/42"},"_links":{"self":[{"href":"https:\/\/oakleysunglasses-wholesale.net\/ro\/wp-json\/wp\/v2\/pages\/42","targetHints":{"allow":["GET"]}}],"collection":[{"href":"https:\/\/oakleysunglasses-wholesale.net\/ro\/wp-json\/wp\/v2\/pages"}],"about":[{"href":"https:\/\/oakleysunglasses-wholesale.net\/ro\/wp-json\/wp\/v2\/types\/page"}],"author":[{"embeddable":true,"href":"https:\/\/oakleysunglasses-wholesale.net\/ro\/wp-json\/wp\/v2\/users\/1"}],"replies":[{"embeddable":true,"href":"https:\/\/oakleysunglasses-wholesale.net\/ro\/wp-json\/wp\/v2\/comments?post=42"}],"version-history":[{"count":1,"href":"https:\/\/oakleysunglasses-wholesale.net\/ro\/wp-json\/wp\/v2\/pages\/42\/revisions"}],"predecessor-version":[{"id":46,"href":"https:\/\/oakleysunglasses-wholesale.net\/ro\/wp-json\/wp\/v2\/pages\/42\/revisions\/46"}],"wp:attachment":[{"href":"https:\/\/oakleysunglasses-wholesale.net\/ro\/wp-json\/wp\/v2\/media?parent=42"}],"curies":[{"name":"wp","href":"https:\/\/api.w.org\/{rel}","templated":true}]}}