{"id":38,"date":"2025-02-07T09:24:20","date_gmt":"2025-02-07T09:24:20","guid":{"rendered":"https:\/\/oakleysunglasses-wholesale.net\/contacts\/"},"modified":"2025-02-07T09:24:20","modified_gmt":"2025-02-07T09:24:20","slug":"contacts","status":"publish","type":"page","link":"https:\/\/oakleysunglasses-wholesale.net\/ro\/contacts\/","title":{"rendered":"Contacte"},"content":{"rendered":"<h2>Trimite\u021bi-ne un mesaj<\/h2>\n<form action=\"\/ro\/submit_form.php\/\" method=\"POST\" data-trp-original-action=\"submit_form.php\">\n            <label for=\"name\">Nume:<\/label><br \/>\n            <input type=\"text\" id=\"name\" name=\"name\" required><\/p>\n<p>            <label for=\"email\">E-mail:<\/label><br \/>\n            <input type=\"email\" id=\"email\" name=\"email\" required><\/p>\n<p>            <label for=\"message\">Mesaj:<\/label><br \/>\n            <textarea id=\"message\" name=\"message\" rows=\"4\" required><\/textarea><\/p>\n<p>            <button type=\"submit\">Trimite<\/button><br \/>\n        <input type=\"hidden\" name=\"trp-form-language\" value=\"ro\"\/><\/form>\n<h3>De asemenea, ne pute\u021bi trimite un e-mail:<\/h3>\n<p>Trimite\u021bi \u00eentreb\u0103rile sau sugestiile dumneavoastr\u0103 c\u0103tre <a href=\"mailto:contact@oakleysunglasses-wholesale.net\">contact@oakleysunglasses-wholesale.net<\/a>.<\/p>","protected":false},"excerpt":{"rendered":"<p>Envoyez-nous un message Nom : Email : Message : Envoyer Vous pouvez \u00e9galement nous envoyer un email : Envoyez vos questions ou suggestions \u00e0 contact@oakleysunglasses-wholesale.net. <a href=\"https:\/\/oakleysunglasses-wholesale.net\/ro\/contacts\/\" class=\"more-link\">Continu\u0103 s\u0103 cite\u0219ti <span class=\"screen-reader-text\">Contacte<\/span><\/a><\/p>","protected":false},"author":1,"featured_media":0,"parent":0,"menu_order":0,"comment_status":"closed","ping_status":"closed","template":"","meta":{"_acf_changed":false,"footnotes":""},"class_list":["post-38","page","type-page","status-publish","hentry"],"acf":[],"yoast_head":"<!-- This site is optimized with the Yoast SEO plugin v23.2 - https:\/\/yoast.com\/wordpress\/plugins\/seo\/ -->\n<title>Contacts - oakleysunglasses-wholesale.net<\/title>\n<meta name=\"description\" content=\"Contactez-nous pour toute question ou suggestion sur nos produits et articles de mode. Nous sommes l\u00e0 pour vous aider rapidement.\" \/>\n<meta name=\"robots\" content=\"index, follow, max-snippet:-1, max-image-preview:large, max-video-preview:-1\" \/>\n<link rel=\"canonical\" href=\"https:\/\/oakleysunglasses-wholesale.net\/ro\/contacts\/\" \/>\n<meta property=\"og:locale\" content=\"ro_RO\" \/>\n<meta property=\"og:type\" content=\"article\" \/>\n<meta property=\"og:title\" content=\"Contacts - oakleysunglasses-wholesale.net\" \/>\n<meta property=\"og:description\" content=\"Contactez-nous pour toute question ou suggestion sur nos produits et articles de mode. Nous sommes l\u00e0 pour vous aider rapidement.\" \/>\n<meta property=\"og:url\" content=\"https:\/\/oakleysunglasses-wholesale.net\/ro\/contacts\/\" \/>\n<meta property=\"og:site_name\" content=\"oakleysunglasses-wholesale.net\" \/>\n<meta name=\"twitter:card\" content=\"summary_large_image\" \/>\n<script type=\"application\/ld+json\" class=\"yoast-schema-graph\">{\"@context\":\"https:\/\/schema.org\",\"@graph\":[{\"@type\":\"WebPage\",\"@id\":\"https:\/\/oakleysunglasses-wholesale.net\/contacts\/\",\"url\":\"https:\/\/oakleysunglasses-wholesale.net\/contacts\/\",\"name\":\"Contacts - oakleysunglasses-wholesale.net\",\"isPartOf\":{\"@id\":\"https:\/\/oakleysunglasses-wholesale.net\/#website\"},\"datePublished\":\"2025-02-07T09:24:20+00:00\",\"dateModified\":\"2025-02-07T09:24:20+00:00\",\"description\":\"Contactez-nous pour toute question ou suggestion sur nos produits et articles de mode. Nous sommes l\u00e0 pour vous aider rapidement.\",\"breadcrumb\":{\"@id\":\"https:\/\/oakleysunglasses-wholesale.net\/contacts\/#breadcrumb\"},\"inLanguage\":\"ro-RO\",\"potentialAction\":[{\"@type\":\"ReadAction\",\"target\":[\"https:\/\/oakleysunglasses-wholesale.net\/contacts\/\"]}]},{\"@type\":\"BreadcrumbList\",\"@id\":\"https:\/\/oakleysunglasses-wholesale.net\/contacts\/#breadcrumb\",\"itemListElement\":[{\"@type\":\"ListItem\",\"position\":1,\"name\":\"Home\",\"item\":\"https:\/\/oakleysunglasses-wholesale.net\/\"},{\"@type\":\"ListItem\",\"position\":2,\"name\":\"Contacts\"}]},{\"@type\":\"WebSite\",\"@id\":\"https:\/\/oakleysunglasses-wholesale.net\/#website\",\"url\":\"https:\/\/oakleysunglasses-wholesale.net\/\",\"name\":\"oakleysunglasses-wholesale.net\",\"description\":\"L\u2019Univers de la Mode | Conseils et inspirations pour un dressing tendance\",\"potentialAction\":[{\"@type\":\"SearchAction\",\"target\":{\"@type\":\"EntryPoint\",\"urlTemplate\":\"https:\/\/oakleysunglasses-wholesale.net\/?s={search_term_string}\"},\"query-input\":\"required name=search_term_string\"}],\"inLanguage\":\"ro-RO\"}]}<\/script>\n<!-- \/ Yoast SEO plugin. -->","yoast_head_json":{"title":"Contacts - oakleysunglasses-wholesale.net","description":"Contactez-nous pour toute question ou suggestion sur nos produits et articles de mode. Nous sommes l\u00e0 pour vous aider rapidement.","robots":{"index":"index","follow":"follow","max-snippet":"max-snippet:-1","max-image-preview":"max-image-preview:large","max-video-preview":"max-video-preview:-1"},"canonical":"https:\/\/oakleysunglasses-wholesale.net\/ro\/contacts\/","og_locale":"ro_RO","og_type":"article","og_title":"Contacts - oakleysunglasses-wholesale.net","og_description":"Contactez-nous pour toute question ou suggestion sur nos produits et articles de mode. Nous sommes l\u00e0 pour vous aider rapidement.","og_url":"https:\/\/oakleysunglasses-wholesale.net\/ro\/contacts\/","og_site_name":"oakleysunglasses-wholesale.net","twitter_card":"summary_large_image","schema":{"@context":"https:\/\/schema.org","@graph":[{"@type":"WebPage","@id":"https:\/\/oakleysunglasses-wholesale.net\/contacts\/","url":"https:\/\/oakleysunglasses-wholesale.net\/contacts\/","name":"Contacts - oakleysunglasses-wholesale.net","isPartOf":{"@id":"https:\/\/oakleysunglasses-wholesale.net\/#website"},"datePublished":"2025-02-07T09:24:20+00:00","dateModified":"2025-02-07T09:24:20+00:00","description":"Contactez-nous pour toute question ou suggestion sur nos produits et articles de mode. Nous sommes l\u00e0 pour vous aider rapidement.","breadcrumb":{"@id":"https:\/\/oakleysunglasses-wholesale.net\/contacts\/#breadcrumb"},"inLanguage":"ro-RO","potentialAction":[{"@type":"ReadAction","target":["https:\/\/oakleysunglasses-wholesale.net\/contacts\/"]}]},{"@type":"BreadcrumbList","@id":"https:\/\/oakleysunglasses-wholesale.net\/contacts\/#breadcrumb","itemListElement":[{"@type":"ListItem","position":1,"name":"Home","item":"https:\/\/oakleysunglasses-wholesale.net\/"},{"@type":"ListItem","position":2,"name":"Contacts"}]},{"@type":"WebSite","@id":"https:\/\/oakleysunglasses-wholesale.net\/#website","url":"https:\/\/oakleysunglasses-wholesale.net\/","name":"oakleysunglasses-wholesale.net","description":"L\u2019Univers de la Mode | Conseils et inspirations pour un dressing tendance","potentialAction":[{"@type":"SearchAction","target":{"@type":"EntryPoint","urlTemplate":"https:\/\/oakleysunglasses-wholesale.net\/?s={search_term_string}"},"query-input":"required name=search_term_string"}],"inLanguage":"ro-RO"}]}},"yoast_meta":{"yoast_wpseo_title":"","yoast_wpseo_metadesc":"","yoast_wpseo_canonical":"https:\/\/oakleysunglasses-wholesale.net\/ro\/wp-json\/wp\/v2\/pages\/38"},"_links":{"self":[{"href":"https:\/\/oakleysunglasses-wholesale.net\/ro\/wp-json\/wp\/v2\/pages\/38","targetHints":{"allow":["GET"]}}],"collection":[{"href":"https:\/\/oakleysunglasses-wholesale.net\/ro\/wp-json\/wp\/v2\/pages"}],"about":[{"href":"https:\/\/oakleysunglasses-wholesale.net\/ro\/wp-json\/wp\/v2\/types\/page"}],"author":[{"embeddable":true,"href":"https:\/\/oakleysunglasses-wholesale.net\/ro\/wp-json\/wp\/v2\/users\/1"}],"replies":[{"embeddable":true,"href":"https:\/\/oakleysunglasses-wholesale.net\/ro\/wp-json\/wp\/v2\/comments?post=38"}],"version-history":[{"count":0,"href":"https:\/\/oakleysunglasses-wholesale.net\/ro\/wp-json\/wp\/v2\/pages\/38\/revisions"}],"wp:attachment":[{"href":"https:\/\/oakleysunglasses-wholesale.net\/ro\/wp-json\/wp\/v2\/media?parent=38"}],"curies":[{"name":"wp","href":"https:\/\/api.w.org\/{rel}","templated":true}]}}