{"id":37,"date":"2025-02-07T09:23:27","date_gmt":"2025-02-07T09:23:27","guid":{"rendered":"https:\/\/oakleysunglasses-wholesale.net\/a-propos-de-nous\/"},"modified":"2025-02-07T12:49:35","modified_gmt":"2025-02-07T12:49:35","slug":"a-propos-de-nous","status":"publish","type":"page","link":"https:\/\/oakleysunglasses-wholesale.net\/ro\/a-propos-de-nous\/","title":{"rendered":"Despre noi"},"content":{"rendered":"<p>Bienvenue sur notre blog d\u00e9di\u00e9 \u00e0 l\u2019univers de la mode et des v\u00eatements. Ici, nous partageons des conseils, des inspirations et des tendances pour vous aider \u00e0 affirmer votre style au quotidien.<\/p>\n<p><img loading=\"lazy\" decoding=\"async\" class=\"aligncenter wp-image-36 size-full\" src=\"https:\/\/oakleysunglasses-wholesale.net\/wp-content\/uploads\/2025\/02\/ya-rasprostranyayu-schaste-cherez-moi-memy.jpg\" alt=\"\" width=\"612\" height=\"408\" srcset=\"https:\/\/oakleysunglasses-wholesale.net\/wp-content\/uploads\/2025\/02\/ya-rasprostranyayu-schaste-cherez-moi-memy.jpg 612w, https:\/\/oakleysunglasses-wholesale.net\/wp-content\/uploads\/2025\/02\/ya-rasprostranyayu-schaste-cherez-moi-memy-300x200.jpg 300w, https:\/\/oakleysunglasses-wholesale.net\/wp-content\/uploads\/2025\/02\/ya-rasprostranyayu-schaste-cherez-moi-memy-135x90.jpg 135w\" sizes=\"auto, (max-width: 612px) 100vw, 612px\" \/><\/p>\n<h2>Ce que vous trouverez sur notre site<\/h2>\n<p>Nous explorons l\u2019univers de la mode sous toutes ses facettes, en vous proposant des articles vari\u00e9s et enrichissants:<\/p>\n<ul>\n<li>Derni\u00e8res tendances mode pour chaque saison<\/li>\n<li>Guides et astuces pour composer des tenues \u00e9l\u00e9gantes<\/li>\n<li>Analyses des styles des c\u00e9l\u00e9brit\u00e9s et influenceurs<\/li>\n<li>Conseils shopping et bons plans<\/li>\n<li>Zoom sur les marques \u00e9mergentes et \u00e9thiques<\/li>\n<\/ul>\n<h2>Notre mission<\/h2>\n<p>Nous croyons que la mode est un moyen d\u2019expression puissant. Notre objectif est de vous inspirer et de vous accompagner dans votre qu\u00eate du look parfait, adapt\u00e9 \u00e0 votre personnalit\u00e9 et \u00e0 vos envies.<\/p>\n<h2>Rejoignez notre communaut\u00e9<\/h2>\n<p>Suivez-nous pour rester \u00e0 jour avec les derni\u00e8res tendances et partager votre passion pour la mode avec une communaut\u00e9 dynamique et cr\u00e9ative.<\/p>","protected":false},"excerpt":{"rendered":"<p>Bienvenue sur notre blog d\u00e9di\u00e9 \u00e0 l\u2019univers de la mode et des v\u00eatements. Ici, nous partageons des conseils, des inspirations et des tendances pour vous aider \u00e0 affirmer votre style au quotidien. Ce que vous trouverez sur notre site Nous explorons l\u2019univers de la mode sous toutes ses facettes, en vous proposant des articles vari\u00e9s et enrichissants: Derni\u00e8res tendances mode pour chaque saison Guides et &hellip; <a href=\"https:\/\/oakleysunglasses-wholesale.net\/ro\/a-propos-de-nous\/\" class=\"more-link\">Continu\u0103 s\u0103 cite\u0219ti <span class=\"screen-reader-text\">Despre noi<\/span><\/a><\/p>","protected":false},"author":1,"featured_media":0,"parent":0,"menu_order":0,"comment_status":"closed","ping_status":"closed","template":"","meta":{"_acf_changed":false,"footnotes":""},"class_list":["post-37","page","type-page","status-publish","hentry"],"acf":[],"yoast_head":"<!-- This site is optimized with the Yoast SEO plugin v23.2 - https:\/\/yoast.com\/wordpress\/plugins\/seo\/ -->\n<title>\u00c0 propos de nous - oakleysunglasses-wholesale.net<\/title>\n<meta name=\"description\" content=\"D\u00e9couvrez notre blog d\u00e9di\u00e9 \u00e0 la mode et aux v\u00eatements. Articles, conseils et tendances pour sublimer votre style au quotidien.\" \/>\n<meta name=\"robots\" content=\"index, follow, max-snippet:-1, max-image-preview:large, max-video-preview:-1\" \/>\n<link rel=\"canonical\" href=\"https:\/\/oakleysunglasses-wholesale.net\/ro\/a-propos-de-nous\/\" \/>\n<meta property=\"og:locale\" content=\"ro_RO\" \/>\n<meta property=\"og:type\" content=\"article\" \/>\n<meta property=\"og:title\" content=\"\u00c0 propos de nous - oakleysunglasses-wholesale.net\" \/>\n<meta property=\"og:description\" content=\"D\u00e9couvrez notre blog d\u00e9di\u00e9 \u00e0 la mode et aux v\u00eatements. Articles, conseils et tendances pour sublimer votre style au quotidien.\" \/>\n<meta property=\"og:url\" content=\"https:\/\/oakleysunglasses-wholesale.net\/ro\/a-propos-de-nous\/\" \/>\n<meta property=\"og:site_name\" content=\"oakleysunglasses-wholesale.net\" \/>\n<meta property=\"article:modified_time\" content=\"2025-02-07T12:49:35+00:00\" \/>\n<meta property=\"og:image\" content=\"https:\/\/oakleysunglasses-wholesale.net\/wp-content\/uploads\/2025\/02\/ya-rasprostranyayu-schaste-cherez-moi-memy.jpg\" \/>\n<meta name=\"twitter:card\" content=\"summary_large_image\" \/>\n<meta name=\"twitter:label1\" content=\"Timp estimat pentru citire\" \/>\n\t<meta name=\"twitter:data1\" content=\"2 minute\" \/>\n<script type=\"application\/ld+json\" class=\"yoast-schema-graph\">{\"@context\":\"https:\/\/schema.org\",\"@graph\":[{\"@type\":\"WebPage\",\"@id\":\"https:\/\/oakleysunglasses-wholesale.net\/a-propos-de-nous\/\",\"url\":\"https:\/\/oakleysunglasses-wholesale.net\/a-propos-de-nous\/\",\"name\":\"\u00c0 propos de nous - oakleysunglasses-wholesale.net\",\"isPartOf\":{\"@id\":\"https:\/\/oakleysunglasses-wholesale.net\/#website\"},\"primaryImageOfPage\":{\"@id\":\"https:\/\/oakleysunglasses-wholesale.net\/a-propos-de-nous\/#primaryimage\"},\"image\":{\"@id\":\"https:\/\/oakleysunglasses-wholesale.net\/a-propos-de-nous\/#primaryimage\"},\"thumbnailUrl\":\"https:\/\/oakleysunglasses-wholesale.net\/wp-content\/uploads\/2025\/02\/ya-rasprostranyayu-schaste-cherez-moi-memy.jpg\",\"datePublished\":\"2025-02-07T09:23:27+00:00\",\"dateModified\":\"2025-02-07T12:49:35+00:00\",\"description\":\"D\u00e9couvrez notre blog d\u00e9di\u00e9 \u00e0 la mode et aux v\u00eatements. Articles, conseils et tendances pour sublimer votre style au quotidien.\",\"breadcrumb\":{\"@id\":\"https:\/\/oakleysunglasses-wholesale.net\/a-propos-de-nous\/#breadcrumb\"},\"inLanguage\":\"ro-RO\",\"potentialAction\":[{\"@type\":\"ReadAction\",\"target\":[\"https:\/\/oakleysunglasses-wholesale.net\/a-propos-de-nous\/\"]}]},{\"@type\":\"ImageObject\",\"inLanguage\":\"ro-RO\",\"@id\":\"https:\/\/oakleysunglasses-wholesale.net\/a-propos-de-nous\/#primaryimage\",\"url\":\"https:\/\/oakleysunglasses-wholesale.net\/wp-content\/uploads\/2025\/02\/ya-rasprostranyayu-schaste-cherez-moi-memy.jpg\",\"contentUrl\":\"https:\/\/oakleysunglasses-wholesale.net\/wp-content\/uploads\/2025\/02\/ya-rasprostranyayu-schaste-cherez-moi-memy.jpg\"},{\"@type\":\"BreadcrumbList\",\"@id\":\"https:\/\/oakleysunglasses-wholesale.net\/a-propos-de-nous\/#breadcrumb\",\"itemListElement\":[{\"@type\":\"ListItem\",\"position\":1,\"name\":\"Home\",\"item\":\"https:\/\/oakleysunglasses-wholesale.net\/\"},{\"@type\":\"ListItem\",\"position\":2,\"name\":\"\u00c0 propos de nous\"}]},{\"@type\":\"WebSite\",\"@id\":\"https:\/\/oakleysunglasses-wholesale.net\/#website\",\"url\":\"https:\/\/oakleysunglasses-wholesale.net\/\",\"name\":\"oakleysunglasses-wholesale.net\",\"description\":\"L\u2019Univers de la Mode | Conseils et inspirations pour un dressing tendance\",\"potentialAction\":[{\"@type\":\"SearchAction\",\"target\":{\"@type\":\"EntryPoint\",\"urlTemplate\":\"https:\/\/oakleysunglasses-wholesale.net\/?s={search_term_string}\"},\"query-input\":\"required name=search_term_string\"}],\"inLanguage\":\"ro-RO\"}]}<\/script>\n<!-- \/ Yoast SEO plugin. -->","yoast_head_json":{"title":"\u00c0 propos de nous - oakleysunglasses-wholesale.net","description":"D\u00e9couvrez notre blog d\u00e9di\u00e9 \u00e0 la mode et aux v\u00eatements. Articles, conseils et tendances pour sublimer votre style au quotidien.","robots":{"index":"index","follow":"follow","max-snippet":"max-snippet:-1","max-image-preview":"max-image-preview:large","max-video-preview":"max-video-preview:-1"},"canonical":"https:\/\/oakleysunglasses-wholesale.net\/ro\/a-propos-de-nous\/","og_locale":"ro_RO","og_type":"article","og_title":"\u00c0 propos de nous - oakleysunglasses-wholesale.net","og_description":"D\u00e9couvrez notre blog d\u00e9di\u00e9 \u00e0 la mode et aux v\u00eatements. Articles, conseils et tendances pour sublimer votre style au quotidien.","og_url":"https:\/\/oakleysunglasses-wholesale.net\/ro\/a-propos-de-nous\/","og_site_name":"oakleysunglasses-wholesale.net","article_modified_time":"2025-02-07T12:49:35+00:00","og_image":[{"url":"https:\/\/oakleysunglasses-wholesale.net\/wp-content\/uploads\/2025\/02\/ya-rasprostranyayu-schaste-cherez-moi-memy.jpg"}],"twitter_card":"summary_large_image","twitter_misc":{"Timp estimat pentru citire":"2 minute"},"schema":{"@context":"https:\/\/schema.org","@graph":[{"@type":"WebPage","@id":"https:\/\/oakleysunglasses-wholesale.net\/a-propos-de-nous\/","url":"https:\/\/oakleysunglasses-wholesale.net\/a-propos-de-nous\/","name":"\u00c0 propos de nous - oakleysunglasses-wholesale.net","isPartOf":{"@id":"https:\/\/oakleysunglasses-wholesale.net\/#website"},"primaryImageOfPage":{"@id":"https:\/\/oakleysunglasses-wholesale.net\/a-propos-de-nous\/#primaryimage"},"image":{"@id":"https:\/\/oakleysunglasses-wholesale.net\/a-propos-de-nous\/#primaryimage"},"thumbnailUrl":"https:\/\/oakleysunglasses-wholesale.net\/wp-content\/uploads\/2025\/02\/ya-rasprostranyayu-schaste-cherez-moi-memy.jpg","datePublished":"2025-02-07T09:23:27+00:00","dateModified":"2025-02-07T12:49:35+00:00","description":"D\u00e9couvrez notre blog d\u00e9di\u00e9 \u00e0 la mode et aux v\u00eatements. Articles, conseils et tendances pour sublimer votre style au quotidien.","breadcrumb":{"@id":"https:\/\/oakleysunglasses-wholesale.net\/a-propos-de-nous\/#breadcrumb"},"inLanguage":"ro-RO","potentialAction":[{"@type":"ReadAction","target":["https:\/\/oakleysunglasses-wholesale.net\/a-propos-de-nous\/"]}]},{"@type":"ImageObject","inLanguage":"ro-RO","@id":"https:\/\/oakleysunglasses-wholesale.net\/a-propos-de-nous\/#primaryimage","url":"https:\/\/oakleysunglasses-wholesale.net\/wp-content\/uploads\/2025\/02\/ya-rasprostranyayu-schaste-cherez-moi-memy.jpg","contentUrl":"https:\/\/oakleysunglasses-wholesale.net\/wp-content\/uploads\/2025\/02\/ya-rasprostranyayu-schaste-cherez-moi-memy.jpg"},{"@type":"BreadcrumbList","@id":"https:\/\/oakleysunglasses-wholesale.net\/a-propos-de-nous\/#breadcrumb","itemListElement":[{"@type":"ListItem","position":1,"name":"Home","item":"https:\/\/oakleysunglasses-wholesale.net\/"},{"@type":"ListItem","position":2,"name":"\u00c0 propos de nous"}]},{"@type":"WebSite","@id":"https:\/\/oakleysunglasses-wholesale.net\/#website","url":"https:\/\/oakleysunglasses-wholesale.net\/","name":"oakleysunglasses-wholesale.net","description":"L\u2019Univers de la Mode | Conseils et inspirations pour un dressing tendance","potentialAction":[{"@type":"SearchAction","target":{"@type":"EntryPoint","urlTemplate":"https:\/\/oakleysunglasses-wholesale.net\/?s={search_term_string}"},"query-input":"required name=search_term_string"}],"inLanguage":"ro-RO"}]}},"yoast_meta":{"yoast_wpseo_title":"","yoast_wpseo_metadesc":"","yoast_wpseo_canonical":"https:\/\/oakleysunglasses-wholesale.net\/ro\/wp-json\/wp\/v2\/pages\/37"},"_links":{"self":[{"href":"https:\/\/oakleysunglasses-wholesale.net\/ro\/wp-json\/wp\/v2\/pages\/37","targetHints":{"allow":["GET"]}}],"collection":[{"href":"https:\/\/oakleysunglasses-wholesale.net\/ro\/wp-json\/wp\/v2\/pages"}],"about":[{"href":"https:\/\/oakleysunglasses-wholesale.net\/ro\/wp-json\/wp\/v2\/types\/page"}],"author":[{"embeddable":true,"href":"https:\/\/oakleysunglasses-wholesale.net\/ro\/wp-json\/wp\/v2\/users\/1"}],"replies":[{"embeddable":true,"href":"https:\/\/oakleysunglasses-wholesale.net\/ro\/wp-json\/wp\/v2\/comments?post=37"}],"version-history":[{"count":1,"href":"https:\/\/oakleysunglasses-wholesale.net\/ro\/wp-json\/wp\/v2\/pages\/37\/revisions"}],"predecessor-version":[{"id":43,"href":"https:\/\/oakleysunglasses-wholesale.net\/ro\/wp-json\/wp\/v2\/pages\/37\/revisions\/43"}],"wp:attachment":[{"href":"https:\/\/oakleysunglasses-wholesale.net\/ro\/wp-json\/wp\/v2\/media?parent=37"}],"curies":[{"name":"wp","href":"https:\/\/api.w.org\/{rel}","templated":true}]}}